{"id":1474,"date":"2024-02-22T09:33:57","date_gmt":"2024-02-22T07:33:57","guid":{"rendered":"https:\/\/benefitproject.org\/toolkit\/"},"modified":"2025-02-28T09:07:17","modified_gmt":"2025-02-28T07:07:17","slug":"portefolio","status":"publish","type":"page","link":"https:\/\/benefitproject.org\/pt-pt\/portefolio\/","title":{"rendered":"Portef\u00f3lio"},"content":{"rendered":"<h1><span>Portef\u00f3lio<\/span><\/h1>\n<div>\n<p><strong>O que disponibiliza este portef\u00f3lio sobre resili\u00eancia e mindfulness para jovens?<\/strong><\/p>\n<p>Composto por materiais relevantes, este portef\u00f3lio fornece aos trabalhadores de juventude, psic\u00f3logos e jovens explica\u00e7\u00f5es claras e diretas sobre ideias essenciais, conselhos pr\u00e1ticos e instru\u00e7\u00f5es pertinentes neste dom\u00ednio. Al\u00e9m disso, inclui uma lista de artigos, ferramentas e livros sugeridos, concebidos para os ajudar na sua jornada de autoaperfei\u00e7oamento e capacita\u00e7\u00e3o.<\/p>\n<\/div>\n<p>\n    <a href=\"https:\/\/benefitproject.org\/wp-content\/uploads\/2024\/03\/BENEFIT_Toolkit_PT_FV.pdf\">Descarregar o Portef\u00f3lio<\/a>\n<\/p>\n<p><!--more--><br \/>\n<!-- {\"type\":\"layout\",\"children\":[{\"type\":\"section\",\"props\":{\"image_position\":\"center-center\",\"style\":\"default\",\"title_breakpoint\":\"xl\",\"title_position\":\"top-left\",\"title_rotation\":\"left\",\"vertical_align\":\"middle\",\"width\":\"default\"},\"children\":[{\"type\":\"row\",\"children\":[{\"type\":\"column\",\"props\":{\"image_position\":\"center-center\",\"media_overlay_gradient\":\"\",\"position_sticky_breakpoint\":\"m\"},\"children\":[{\"type\":\"headline\",\"props\":{\"content\":\"<span>Portef\\u00f3lio<\\\/span>\",\"title_element\":\"h1\"}},{\"type\":\"text\",\"props\":{\"column_breakpoint\":\"m\",\"content\":\"\n\n<p><strong>O que disponibiliza este portef\\u00f3lio sobre resili\\u00eancia e mindfulness para jovens?<\\\/strong><\\\/p>\\n\n\n<p>Composto por materiais relevantes, este portef\\u00f3lio fornece aos trabalhadores de juventude, psic\\u00f3logos e jovens explica\\u00e7\\u00f5es claras e diretas sobre ideias essenciais, conselhos pr\\u00e1ticos e instru\\u00e7\\u00f5es pertinentes neste dom\\u00ednio. Al\\u00e9m disso, inclui uma lista de artigos, ferramentas e livros sugeridos, concebidos para os ajudar na sua jornada de autoaperfei\\u00e7oamento e capacita\\u00e7\\u00e3o.<\\\/p>\",\"margin\":\"default\"}},{\"type\":\"button\",\"props\":{\"grid_column_gap\":\"small\",\"grid_row_gap\":\"small\",\"margin\":\"default\"},\"children\":[{\"type\":\"button_item\",\"props\":{\"button_style\":\"default\",\"content\":\"Descarregar o Portef\\u00f3lio\",\"icon_align\":\"left\",\"link\":\"https:\\\/\\\/benefitproject.org\\\/wp-content\\\/uploads\\\/2024\\\/03\\\/BENEFIT_Toolkit_PT_FV.pdf\"}}]}]}]}]}],\"version\":\"3.0.20\"} --><\/p>\n","protected":false},"excerpt":{"rendered":"<p>Portef\u00f3lio O que disponibiliza este portef\u00f3lio sobre resili\u00eancia e mindfulness para jovens? Composto por materiais relevantes, este portef\u00f3lio fornece aos trabalhadores de juventude, psic\u00f3logos e..<\/p>\n","protected":false},"author":1,"featured_media":0,"parent":0,"menu_order":0,"comment_status":"closed","ping_status":"closed","template":"","meta":{"_acf_changed":false,"inline_featured_image":false,"footnotes":""},"class_list":["post-1474","page","type-page","status-publish","hentry"],"acf":[],"_links":{"self":[{"href":"https:\/\/benefitproject.org\/pt-pt\/wp-json\/wp\/v2\/pages\/1474","targetHints":{"allow":["GET"]}}],"collection":[{"href":"https:\/\/benefitproject.org\/pt-pt\/wp-json\/wp\/v2\/pages"}],"about":[{"href":"https:\/\/benefitproject.org\/pt-pt\/wp-json\/wp\/v2\/types\/page"}],"author":[{"embeddable":true,"href":"https:\/\/benefitproject.org\/pt-pt\/wp-json\/wp\/v2\/users\/1"}],"replies":[{"embeddable":true,"href":"https:\/\/benefitproject.org\/pt-pt\/wp-json\/wp\/v2\/comments?post=1474"}],"version-history":[{"count":10,"href":"https:\/\/benefitproject.org\/pt-pt\/wp-json\/wp\/v2\/pages\/1474\/revisions"}],"predecessor-version":[{"id":2101,"href":"https:\/\/benefitproject.org\/pt-pt\/wp-json\/wp\/v2\/pages\/1474\/revisions\/2101"}],"wp:attachment":[{"href":"https:\/\/benefitproject.org\/pt-pt\/wp-json\/wp\/v2\/media?parent=1474"}],"curies":[{"name":"wp","href":"https:\/\/api.w.org\/{rel}","templated":true}]}}