{"id":1247,"date":"2022-02-24T14:11:37","date_gmt":"2022-02-24T12:11:37","guid":{"rendered":"https:\/\/benefitproject.org\/elearning\/"},"modified":"2024-09-02T08:53:57","modified_gmt":"2024-09-02T06:53:57","slug":"elearning","status":"publish","type":"page","link":"https:\/\/benefitproject.org\/pt-pt\/elearning\/","title":{"rendered":"eLearning"},"content":{"rendered":"<h1>eLearning<\/h1>\n<p><img decoding=\"async\" src=\"\/wp-content\/uploads\/2023\/03\/elearning-09.svg\" alt=\"\"><\/p>\n<div>\n<div class=\"w-comment__details\">\n<div class=\"w-comment__details-content\">\n<div class=\"h-typo-formatting \"><span style=\"font-weight: 400;\">Esta \u00e9 a Plataforma de e-learning do projeto BENEFIT, com especial enfoque na resili\u00eancia e <\/span><i><span style=\"font-weight: 400;\">mindfulness<\/span><\/i><span style=\"font-weight: 400;\"> dos jovens. Aqui pode encontrar m\u00f3dulos, Recursos Educativos Abertos (REA) e muito mais! Junte-se a n\u00f3s!<\/span><\/div>\n<\/div>\n<\/div>\n<div class=\"w-comment__info\">\n<div class=\"w-comment__info-group w-comment__info-group--actions\">\n<div class=\"w-comment__info-date\"><\/div>\n<\/div>\n<\/div>\n<\/div>\n<p>\n    <a href=\"https:\/\/elearning.benefitproject.org\/\">Visite a Plataforma<\/a>\n<\/p>\n<p><!--more--><br \/>\n<!-- {\"type\":\"layout\",\"children\":[{\"type\":\"section\",\"props\":{\"image_position\":\"center-center\",\"padding_remove_top\":true,\"style\":\"default\",\"title_breakpoint\":\"xl\",\"title_position\":\"top-left\",\"title_rotation\":\"left\",\"vertical_align\":\"middle\",\"width\":\"default\"},\"children\":[{\"type\":\"row\",\"children\":[{\"type\":\"column\",\"props\":{\"image_position\":\"center-center\",\"media_overlay_gradient\":\"\",\"position_sticky_breakpoint\":\"m\"},\"children\":[{\"type\":\"headline\",\"props\":{\"content\":\"eLearning\",\"title_element\":\"h1\"}}]}]}]},{\"type\":\"section\",\"props\":{\"image_position\":\"center-center\",\"padding\":\"none\",\"style\":\"default\",\"title_breakpoint\":\"xl\",\"title_position\":\"top-left\",\"title_rotation\":\"left\",\"vertical_align\":\"middle\",\"width\":\"\"},\"children\":[{\"type\":\"row\",\"props\":{\"column_gap\":\"collapse\",\"layout\":\"1-2,1-2\",\"margin\":\"remove-vertical\",\"margin_remove_bottom\":true,\"margin_remove_top\":true,\"match\":true,\"row_gap\":\"collapse\"},\"children\":[{\"type\":\"column\",\"props\":{\"image_position\":\"center-center\",\"media_overlay_gradient\":\"\",\"position_sticky_breakpoint\":\"m\",\"vertical_align\":\"middle\",\"width_medium\":\"1-2\"},\"children\":[{\"type\":\"image\",\"props\":{\"container_padding_remove\":true,\"css\":\".el-element{\\n\\nwidth:800px;\\n\\n}\",\"image\":\"wp-content\\\/uploads\\\/2023\\\/03\\\/elearning-09.svg\",\"image_svg_color\":\"emphasis\",\"margin\":\"default\",\"margin_remove_bottom\":true,\"margin_remove_top\":true,\"position_left\":\"0\"}}]},{\"type\":\"column\",\"props\":{\"css\":\"@media only screen and (min-width:960px){\\n.el-column{\\npadding-right:18.5%;\\n\\n}}\\n\\n@media only screen and (max-width:959px){\\n.el-column{\\n\\tmargin-left:10px;\\n\\tmargin-right:10px;\\n}\\n}\",\"image_position\":\"center-center\",\"media_overlay_gradient\":\"\",\"position_sticky_breakpoint\":\"m\",\"vertical_align\":\"middle\",\"width_medium\":\"1-2\"},\"children\":[{\"type\":\"text\",\"props\":{\"column_breakpoint\":\"m\",\"content\":\"\n\n<div class=\\\"w-comment__details\\\">\\n\n\n<div class=\\\"w-comment__details-content\\\">\\n\n\n<div class=\\\"h-typo-formatting \\\"><span style=\\\"font-weight: 400;\\\">Esta \\u00e9 a Plataforma de e-learning do projeto BENEFIT, com especial enfoque na resili\\u00eancia e <\\\/span><i><span style=\\\"font-weight: 400;\\\">mindfulness<\\\/span><\\\/i><span style=\\\"font-weight: 400;\\\"> dos jovens. Aqui pode encontrar m\\u00f3dulos, Recursos Educativos Abertos (REA) e muito mais! Junte-se a n\\u00f3s!<\\\/span><\\\/div>\\n<\\\/div>\\n<\\\/div>\\n\n\n<div class=\\\"w-comment__info\\\">\\n\n\n<div class=\\\"w-comment__info-group w-comment__info-group--actions\\\">\\n\n\n<div class=\\\"w-comment__info-date\\\"><\\\/div>\\n<\\\/div>\\n<\\\/div>\",\"margin\":\"default\"}},{\"type\":\"button\",\"props\":{\"grid_column_gap\":\"small\",\"grid_row_gap\":\"small\",\"margin\":\"default\"},\"children\":[{\"type\":\"button_item\",\"props\":{\"button_style\":\"default\",\"content\":\"Visite a Plataforma\",\"icon_align\":\"left\",\"link\":\"https:\\\/\\\/elearning.benefitproject.org\\\/\"}}]}]}]}]}],\"version\":\"3.0.20\"} --><\/p>\n","protected":false},"excerpt":{"rendered":"<p>eLearning Esta \u00e9 a Plataforma de e-learning do projeto BENEFIT, com especial enfoque na resili\u00eancia e mindfulness dos jovens. Aqui pode encontrar m\u00f3dulos, Recursos Educativos..<\/p>\n","protected":false},"author":1,"featured_media":0,"parent":0,"menu_order":0,"comment_status":"closed","ping_status":"closed","template":"","meta":{"_acf_changed":false,"inline_featured_image":false,"footnotes":""},"class_list":["post-1247","page","type-page","status-publish","hentry"],"acf":[],"_links":{"self":[{"href":"https:\/\/benefitproject.org\/pt-pt\/wp-json\/wp\/v2\/pages\/1247","targetHints":{"allow":["GET"]}}],"collection":[{"href":"https:\/\/benefitproject.org\/pt-pt\/wp-json\/wp\/v2\/pages"}],"about":[{"href":"https:\/\/benefitproject.org\/pt-pt\/wp-json\/wp\/v2\/types\/page"}],"author":[{"embeddable":true,"href":"https:\/\/benefitproject.org\/pt-pt\/wp-json\/wp\/v2\/users\/1"}],"replies":[{"embeddable":true,"href":"https:\/\/benefitproject.org\/pt-pt\/wp-json\/wp\/v2\/comments?post=1247"}],"version-history":[{"count":3,"href":"https:\/\/benefitproject.org\/pt-pt\/wp-json\/wp\/v2\/pages\/1247\/revisions"}],"predecessor-version":[{"id":1543,"href":"https:\/\/benefitproject.org\/pt-pt\/wp-json\/wp\/v2\/pages\/1247\/revisions\/1543"}],"wp:attachment":[{"href":"https:\/\/benefitproject.org\/pt-pt\/wp-json\/wp\/v2\/media?parent=1247"}],"curies":[{"name":"wp","href":"https:\/\/api.w.org\/{rel}","templated":true}]}}