{"id":1472,"date":"2024-02-22T09:33:57","date_gmt":"2024-02-22T07:33:57","guid":{"rendered":"https:\/\/benefitproject.org\/toolkit\/"},"modified":"2025-02-28T09:05:35","modified_gmt":"2025-02-28T07:05:35","slug":"toolkit","status":"publish","type":"page","link":"https:\/\/benefitproject.org\/de\/toolkit\/","title":{"rendered":"Toolkit"},"content":{"rendered":"<h1>TOOLKIT<\/h1>\n<div>\n<p><strong>Was bietet dieses Toolkit?<\/strong> <\/p>\n<p>Das Toolkit umfasst eine Reihe interessanter Materialien und stellt Jugendarbeiter:innen, Psycholog:innen und Jugendlichen einfache und verst\u00e4ndliche Erkl\u00e4rungen zu wichtigen Themen, praktische Tipps und hilfreiche Informationen zu diesem Thema zur Verf\u00fcgung. Zudem enth\u00e4lt es eine Liste mit empfohlenen Artikeln, Tipps und B\u00fcchern, die sie dabei unterst\u00fctzen sollen, sich selbst weiterzuentwickeln und ihre F\u00e4higkeiten zu st\u00e4rken.<\/p>\n<\/div>\n<p>\n    <a href=\"https:\/\/benefitproject.org\/wp-content\/uploads\/2024\/03\/BENEFIT_Toolkit_DE.pdf\"> Download des Toolkits<\/a>\n<\/p>\n<p><!--more--><br \/>\n<!-- {\"type\":\"layout\",\"children\":[{\"type\":\"section\",\"props\":{\"image_position\":\"center-center\",\"style\":\"default\",\"title_breakpoint\":\"xl\",\"title_position\":\"top-left\",\"title_rotation\":\"left\",\"vertical_align\":\"middle\",\"width\":\"default\"},\"children\":[{\"type\":\"row\",\"children\":[{\"type\":\"column\",\"props\":{\"image_position\":\"center-center\",\"media_overlay_gradient\":\"\",\"position_sticky_breakpoint\":\"m\"},\"children\":[{\"type\":\"headline\",\"props\":{\"content\":\"TOOLKIT\",\"title_element\":\"h1\"}},{\"type\":\"text\",\"props\":{\"column_breakpoint\":\"m\",\"content\":\"\n\n<p><strong>Was bietet dieses Toolkit?<\\\/strong> <\\\/p>\\n\n\n<p>Das Toolkit umfasst eine Reihe interessanter Materialien und stellt Jugendarbeiter:innen, Psycholog:innen und Jugendlichen einfache und verst\\u00e4ndliche Erkl\\u00e4rungen zu wichtigen Themen, praktische Tipps und hilfreiche Informationen zu diesem Thema zur Verf\\u00fcgung. Zudem enth\\u00e4lt es eine Liste mit empfohlenen Artikeln, Tipps und B\\u00fcchern, die sie dabei unterst\\u00fctzen sollen, sich selbst weiterzuentwickeln und ihre F\\u00e4higkeiten zu st\\u00e4rken.<\\\/p>\",\"margin\":\"default\"}},{\"type\":\"button\",\"props\":{\"grid_column_gap\":\"small\",\"grid_row_gap\":\"small\",\"margin\":\"default\"},\"children\":[{\"type\":\"button_item\",\"props\":{\"button_style\":\"default\",\"content\":\" Download des Toolkits\",\"icon_align\":\"left\",\"link\":\"https:\\\/\\\/benefitproject.org\\\/wp-content\\\/uploads\\\/2024\\\/03\\\/BENEFIT_Toolkit_DE.pdf\"}}]}]}]}]}],\"version\":\"3.0.20\"} --><\/p>\n","protected":false},"excerpt":{"rendered":"<p>TOOLKIT Was bietet dieses Toolkit? Das Toolkit umfasst eine Reihe interessanter Materialien und stellt Jugendarbeiter:innen, Psycholog:innen und Jugendlichen einfache und verst\u00e4ndliche Erkl\u00e4rungen zu wichtigen Themen,..<\/p>\n","protected":false},"author":1,"featured_media":0,"parent":0,"menu_order":0,"comment_status":"closed","ping_status":"closed","template":"","meta":{"_acf_changed":false,"inline_featured_image":false,"footnotes":""},"class_list":["post-1472","page","type-page","status-publish","hentry"],"acf":[],"_links":{"self":[{"href":"https:\/\/benefitproject.org\/de\/wp-json\/wp\/v2\/pages\/1472","targetHints":{"allow":["GET"]}}],"collection":[{"href":"https:\/\/benefitproject.org\/de\/wp-json\/wp\/v2\/pages"}],"about":[{"href":"https:\/\/benefitproject.org\/de\/wp-json\/wp\/v2\/types\/page"}],"author":[{"embeddable":true,"href":"https:\/\/benefitproject.org\/de\/wp-json\/wp\/v2\/users\/1"}],"replies":[{"embeddable":true,"href":"https:\/\/benefitproject.org\/de\/wp-json\/wp\/v2\/comments?post=1472"}],"version-history":[{"count":4,"href":"https:\/\/benefitproject.org\/de\/wp-json\/wp\/v2\/pages\/1472\/revisions"}],"predecessor-version":[{"id":2100,"href":"https:\/\/benefitproject.org\/de\/wp-json\/wp\/v2\/pages\/1472\/revisions\/2100"}],"wp:attachment":[{"href":"https:\/\/benefitproject.org\/de\/wp-json\/wp\/v2\/media?parent=1472"}],"curies":[{"name":"wp","href":"https:\/\/api.w.org\/{rel}","templated":true}]}}