{"id":1464,"date":"2024-02-22T09:33:57","date_gmt":"2024-02-22T07:33:57","guid":{"rendered":"https:\/\/benefitproject.org\/toolkit\/"},"modified":"2025-02-28T09:01:14","modified_gmt":"2025-02-28T07:01:14","slug":"toolkit","status":"publish","type":"page","link":"https:\/\/benefitproject.org\/cs\/toolkit\/","title":{"rendered":"P\u0159\u00edru\u010dka"},"content":{"rendered":"<h1>P\u0158\u00cdRU\u010cKA<\/h1>\n<div>\n<p><strong>Co tato p\u0159\u00edru\u010dka nab\u00edz\u00ed?<\/strong><\/p>\n<p>Tato p\u0159\u00edru\u010dka obsahuje cenn\u00e9 materi\u00e1ly a poskytuje pracovn\u00edk\u016fm s ml\u00e1de\u017e\u00ed, psycholog\u016fm a mlad\u00fdm lidem jasn\u00e9 vysv\u011btlen\u00ed z\u00e1kladn\u00edch my\u0161lenek, praktick\u00e9 rady a cenn\u00e9 pokyny v t\u00e9to oblasti. Krom\u011b toho obsahuje seznam doporu\u010den\u00fdch \u010dl\u00e1nk\u016f, n\u00e1stroj\u016f a knih, kter\u00e9 jim maj\u00ed pomoci na cest\u011b k seberozvoji.<\/p>\n<\/div>\n<p>\n    <a href=\"https:\/\/benefitproject.org\/wp-content\/uploads\/2024\/03\/BENEFIT_Toolkit_CZ_FV-1.pdf\">St\u00e1hn\u011bte si p\u0159\u00edru\u010dku<\/a>\n<\/p>\n<p><!--more--><br \/>\n<!-- {\"type\":\"layout\",\"children\":[{\"type\":\"section\",\"props\":{\"image_position\":\"center-center\",\"style\":\"default\",\"title_breakpoint\":\"xl\",\"title_position\":\"top-left\",\"title_rotation\":\"left\",\"vertical_align\":\"middle\",\"width\":\"default\"},\"children\":[{\"type\":\"row\",\"children\":[{\"type\":\"column\",\"props\":{\"image_position\":\"center-center\",\"media_overlay_gradient\":\"\",\"position_sticky_breakpoint\":\"m\"},\"children\":[{\"type\":\"headline\",\"props\":{\"content\":\"P\\u0158\\u00cdRU\\u010cKA\",\"title_element\":\"h1\"}},{\"type\":\"text\",\"props\":{\"column_breakpoint\":\"m\",\"content\":\"\n\n<p><strong>Co tato p\\u0159\\u00edru\\u010dka nab\\u00edz\\u00ed?<\\\/strong><\\\/p>\\n\n\n<p>Tato p\\u0159\\u00edru\\u010dka obsahuje cenn\\u00e9 materi\\u00e1ly a poskytuje pracovn\\u00edk\\u016fm s ml\\u00e1de\\u017e\\u00ed, psycholog\\u016fm a mlad\\u00fdm lidem jasn\\u00e9 vysv\\u011btlen\\u00ed z\\u00e1kladn\\u00edch my\\u0161lenek, praktick\\u00e9 rady a cenn\\u00e9 pokyny v t\\u00e9to oblasti. Krom\\u011b toho obsahuje seznam doporu\\u010den\\u00fdch \\u010dl\\u00e1nk\\u016f, n\\u00e1stroj\\u016f a knih, kter\\u00e9 jim maj\\u00ed pomoci na cest\\u011b k seberozvoji.<\\\/p>\",\"margin\":\"default\"}},{\"type\":\"button\",\"props\":{\"grid_column_gap\":\"small\",\"grid_row_gap\":\"small\",\"margin\":\"default\"},\"children\":[{\"type\":\"button_item\",\"props\":{\"button_style\":\"default\",\"content\":\"St\\u00e1hn\\u011bte si p\\u0159\\u00edru\\u010dku\",\"icon_align\":\"left\",\"link\":\"https:\\\/\\\/benefitproject.org\\\/wp-content\\\/uploads\\\/2024\\\/03\\\/BENEFIT_Toolkit_CZ_FV-1.pdf\"}}]}]}]}]}],\"version\":\"3.0.20\"} --><\/p>\n","protected":false},"excerpt":{"rendered":"<p>P\u0158\u00cdRU\u010cKA Co tato p\u0159\u00edru\u010dka nab\u00edz\u00ed? Tato p\u0159\u00edru\u010dka obsahuje cenn\u00e9 materi\u00e1ly a poskytuje pracovn\u00edk\u016fm s ml\u00e1de\u017e\u00ed, psycholog\u016fm a mlad\u00fdm lidem jasn\u00e9 vysv\u011btlen\u00ed z\u00e1kladn\u00edch my\u0161lenek, praktick\u00e9 rady..<\/p>\n","protected":false},"author":1,"featured_media":0,"parent":0,"menu_order":0,"comment_status":"closed","ping_status":"closed","template":"","meta":{"_acf_changed":false,"inline_featured_image":false,"footnotes":""},"class_list":["post-1464","page","type-page","status-publish","hentry"],"acf":[],"_links":{"self":[{"href":"https:\/\/benefitproject.org\/cs\/wp-json\/wp\/v2\/pages\/1464","targetHints":{"allow":["GET"]}}],"collection":[{"href":"https:\/\/benefitproject.org\/cs\/wp-json\/wp\/v2\/pages"}],"about":[{"href":"https:\/\/benefitproject.org\/cs\/wp-json\/wp\/v2\/types\/page"}],"author":[{"embeddable":true,"href":"https:\/\/benefitproject.org\/cs\/wp-json\/wp\/v2\/users\/1"}],"replies":[{"embeddable":true,"href":"https:\/\/benefitproject.org\/cs\/wp-json\/wp\/v2\/comments?post=1464"}],"version-history":[{"count":8,"href":"https:\/\/benefitproject.org\/cs\/wp-json\/wp\/v2\/pages\/1464\/revisions"}],"predecessor-version":[{"id":2099,"href":"https:\/\/benefitproject.org\/cs\/wp-json\/wp\/v2\/pages\/1464\/revisions\/2099"}],"wp:attachment":[{"href":"https:\/\/benefitproject.org\/cs\/wp-json\/wp\/v2\/media?parent=1464"}],"curies":[{"name":"wp","href":"https:\/\/api.w.org\/{rel}","templated":true}]}}