{"id":1215,"date":"2022-02-24T14:11:37","date_gmt":"2022-02-24T12:11:37","guid":{"rendered":"https:\/\/benefitproject.org\/elearning\/"},"modified":"2024-11-05T08:44:52","modified_gmt":"2024-11-05T06:44:52","slug":"elearning","status":"publish","type":"page","link":"https:\/\/benefitproject.org\/cs\/elearning\/","title":{"rendered":"eLearning"},"content":{"rendered":"<h1>eLearning<\/h1>\n<p><img decoding=\"async\" src=\"\/wp-content\/uploads\/2023\/03\/elearning-09.svg\" alt=\"\"><\/p>\n<div>\n<div class=\"w-comment__details\">\n<div class=\"w-comment__details-content\">\n<div class=\"h-typo-formatting \">Jedn\u00e1 se o e-learningovou platformu projektu BENEFIT ur\u010denou pro ml\u00e1de\u017e a pracuj\u00edc\u00ed s ml\u00e1de\u017e\u00ed, se z\u00e1m\u011brem podpory jejich du\u0161evn\u00edho zdrav\u00ed. Najdete zde informace, aktivity a mnoho dal\u0161\u00edho! P\u0159ipojte se k n\u00e1m!<\/div>\n<\/div>\n<\/div>\n<\/div>\n<p>\n    <a href=\"https:\/\/elearning.benefitproject.org\/\">Nav\u0161tivte platformu<\/a>\n<\/p>\n<p><!--more--><br \/>\n<!-- {\"type\":\"layout\",\"children\":[{\"type\":\"section\",\"props\":{\"image_position\":\"center-center\",\"padding_remove_top\":true,\"style\":\"default\",\"title_breakpoint\":\"xl\",\"title_position\":\"top-left\",\"title_rotation\":\"left\",\"vertical_align\":\"middle\",\"width\":\"default\"},\"children\":[{\"type\":\"row\",\"children\":[{\"type\":\"column\",\"props\":{\"image_position\":\"center-center\",\"media_overlay_gradient\":\"\",\"position_sticky_breakpoint\":\"m\"},\"children\":[{\"type\":\"headline\",\"props\":{\"content\":\"eLearning\",\"title_element\":\"h1\"}}]}]}]},{\"type\":\"section\",\"props\":{\"image_position\":\"center-center\",\"padding\":\"none\",\"style\":\"default\",\"title_breakpoint\":\"xl\",\"title_position\":\"top-left\",\"title_rotation\":\"left\",\"vertical_align\":\"middle\",\"width\":\"\"},\"children\":[{\"type\":\"row\",\"props\":{\"column_gap\":\"collapse\",\"layout\":\"1-2,1-2\",\"margin\":\"remove-vertical\",\"margin_remove_bottom\":true,\"margin_remove_top\":true,\"match\":true,\"row_gap\":\"collapse\"},\"children\":[{\"type\":\"column\",\"props\":{\"image_position\":\"center-center\",\"media_overlay_gradient\":\"\",\"position_sticky_breakpoint\":\"m\",\"vertical_align\":\"middle\",\"width_medium\":\"1-2\"},\"children\":[{\"type\":\"image\",\"props\":{\"container_padding_remove\":true,\"css\":\".el-element{\\n\\nwidth:800px;\\n\\n}\",\"image\":\"wp-content\\\/uploads\\\/2023\\\/03\\\/elearning-09.svg\",\"image_svg_color\":\"emphasis\",\"margin\":\"default\",\"margin_remove_bottom\":true,\"margin_remove_top\":true,\"position_left\":\"0\"}}]},{\"type\":\"column\",\"props\":{\"css\":\"@media only screen and (min-width:960px){\\n.el-column{\\npadding-right:18.5%;\\n\\n}}\\n\\n@media only screen and (max-width:959px){\\n.el-column{\\n\\tmargin-left:10px;\\n\\tmargin-right:10px;\\n}\\n}\",\"image_position\":\"center-center\",\"media_overlay_gradient\":\"\",\"position_sticky_breakpoint\":\"m\",\"vertical_align\":\"middle\",\"width_medium\":\"1-2\"},\"children\":[{\"type\":\"text\",\"props\":{\"column_breakpoint\":\"m\",\"content\":\"\n\n<div class=\\\"w-comment__details\\\">\\n\n\n<div class=\\\"w-comment__details-content\\\">\\n\n\n<div class=\\\"h-typo-formatting \\\">Jedn\\u00e1 se o e-learningovou platformu projektu BENEFIT ur\\u010denou pro ml\\u00e1de\\u017e a pracuj\\u00edc\\u00ed s ml\\u00e1de\\u017e\\u00ed, se z\\u00e1m\\u011brem podpory jejich du\\u0161evn\\u00edho zdrav\\u00ed. Najdete zde informace, aktivity a mnoho dal\\u0161\\u00edho! P\\u0159ipojte se k n\\u00e1m!<\\\/div>\\n<\\\/div>\\n<\\\/div>\",\"margin\":\"default\"}},{\"type\":\"button\",\"props\":{\"grid_column_gap\":\"small\",\"grid_row_gap\":\"small\",\"margin\":\"default\"},\"children\":[{\"type\":\"button_item\",\"props\":{\"button_style\":\"default\",\"content\":\"Nav\\u0161tivte platformu\",\"icon_align\":\"left\",\"link\":\"https:\\\/\\\/elearning.benefitproject.org\\\/\"}}]}]}]}]}],\"version\":\"3.0.20\"} --><\/p>\n","protected":false},"excerpt":{"rendered":"<p>eLearning Jedn\u00e1 se o e-learningovou platformu projektu BENEFIT ur\u010denou pro ml\u00e1de\u017e a pracuj\u00edc\u00ed s ml\u00e1de\u017e\u00ed, se z\u00e1m\u011brem podpory jejich du\u0161evn\u00edho zdrav\u00ed. Najdete zde informace, aktivity..<\/p>\n","protected":false},"author":1,"featured_media":0,"parent":0,"menu_order":0,"comment_status":"closed","ping_status":"closed","template":"","meta":{"_acf_changed":false,"inline_featured_image":false,"footnotes":""},"class_list":["post-1215","page","type-page","status-publish","hentry"],"acf":[],"_links":{"self":[{"href":"https:\/\/benefitproject.org\/cs\/wp-json\/wp\/v2\/pages\/1215","targetHints":{"allow":["GET"]}}],"collection":[{"href":"https:\/\/benefitproject.org\/cs\/wp-json\/wp\/v2\/pages"}],"about":[{"href":"https:\/\/benefitproject.org\/cs\/wp-json\/wp\/v2\/types\/page"}],"author":[{"embeddable":true,"href":"https:\/\/benefitproject.org\/cs\/wp-json\/wp\/v2\/users\/1"}],"replies":[{"embeddable":true,"href":"https:\/\/benefitproject.org\/cs\/wp-json\/wp\/v2\/comments?post=1215"}],"version-history":[{"count":4,"href":"https:\/\/benefitproject.org\/cs\/wp-json\/wp\/v2\/pages\/1215\/revisions"}],"predecessor-version":[{"id":1854,"href":"https:\/\/benefitproject.org\/cs\/wp-json\/wp\/v2\/pages\/1215\/revisions\/1854"}],"wp:attachment":[{"href":"https:\/\/benefitproject.org\/cs\/wp-json\/wp\/v2\/media?parent=1215"}],"curies":[{"name":"wp","href":"https:\/\/api.w.org\/{rel}","templated":true}]}}