{"id":1212,"date":"2022-02-24T14:11:37","date_gmt":"2022-02-24T12:11:37","guid":{"rendered":"https:\/\/benefitproject.org\/home\/"},"modified":"2025-01-27T17:38:42","modified_gmt":"2025-01-27T15:38:42","slug":"home","status":"publish","type":"page","link":"https:\/\/benefitproject.org\/cs\/","title":{"rendered":"Dom\u016f"},"content":{"rendered":"<h1><strong>Posilov\u00e1n\u00ed odolnosti <\/strong><br \/><strong>a v\u0161\u00edmavosti ml\u00e1de\u017ee<\/strong><\/h1>\n<p>\n    <a href=\"\/about\">Pokra\u010dovat ve \u010dten\u00ed<\/a>\n<\/p>\n<p><img decoding=\"async\" src=\"\/wp-content\/uploads\/2023\/03\/homepage.png\" alt=\"\"><br \/>\n<img decoding=\"async\" src=\"\/wp-content\/uploads\/2023\/03\/elearning-09.svg\" alt=\"\"><\/p>\n<h1>e-Learning<\/h1>\n<div>Jedn\u00e1 se o e-learningovou platformu projektu BENEFIT ur\u010denou pro ml\u00e1de\u017e a pracuj\u00edc\u00ed s ml\u00e1de\u017e\u00ed, se z\u00e1m\u011brem podpory jejich du\u0161evn\u00edho zdrav\u00ed. Najdete zde informace, aktivity a mnoho dal\u0161\u00edho! P\u0159ipojte se k n\u00e1m!<\/div>\n<p>\n    <a href=\"\/elearning\/\">Pokra\u010dovat ve \u010dten\u00ed<\/a>\n<\/p>\n<h2>Novinky<\/h2>\n<div>\n<\/div>\n<p>\n    <a href=\"https:\/\/benefitproject.org\/cs\/category\/novinky\/\">Pokra\u010dovat ve \u010dten\u00ed<\/a>\n<\/p>\n<p><!--more--><br \/>\n<!-- {\"type\":\"layout\",\"children\":[{\"type\":\"section\",\"props\":{\"image_position\":\"center-center\",\"padding_remove_bottom\":true,\"padding_remove_top\":true,\"style\":\"default\",\"title_breakpoint\":\"xl\",\"title_position\":\"top-left\",\"title_rotation\":\"left\",\"vertical_align\":\"middle\",\"width\":\"default\"},\"children\":[{\"type\":\"row\",\"props\":{\"layout\":\"1-2,1-2\",\"margin_remove_bottom\":true,\"margin_remove_top\":true,\"width\":\"expand\"},\"children\":[{\"type\":\"column\",\"props\":{\"image_position\":\"center-center\",\"media_overlay_gradient\":\"\",\"position_sticky_breakpoint\":\"m\",\"vertical_align\":\"middle\",\"width_medium\":\"1-2\"},\"children\":[{\"type\":\"headline\",\"props\":{\"content\":\"<strong>Posilov\\u00e1n\\u00ed odolnosti <\\\/strong><br \\\/><strong>a v\\u0161\\u00edmavosti ml\\u00e1de\\u017ee<\\\/strong>\",\"title_element\":\"h1\",\"title_style\":\"h1\"}},{\"type\":\"button\",\"props\":{\"grid_column_gap\":\"small\",\"grid_row_gap\":\"small\",\"margin\":\"default\"},\"children\":[{\"type\":\"button_item\",\"props\":{\"button_style\":\"primary\",\"content\":\"[readmore_text]\",\"icon_align\":\"left\",\"link\":\"about\"}}]}]},{\"type\":\"column\",\"props\":{\"image\":\"wp-content\\\/uploads\\\/2023\\\/03\\\/BENEFIT_website_070223_SK-06-07.svg\",\"image_effect\":\"parallax\",\"image_parallax_bgx\":\"0 0%\",\"image_parallax_bgy\":\"250\",\"image_parallax_breakpoint\":\"s\",\"image_parallax_easing\":\"-2\",\"image_position\":\"center-center\",\"media_overlay_gradient\":\"\",\"position_sticky_breakpoint\":\"m\",\"vertical_align\":\"middle\",\"width_medium\":\"1-2\"},\"children\":[{\"type\":\"image\",\"props\":{\"container_padding_remove\":true,\"css\":\"svg, img{\\n\\nwidth:700px;\\n\\n}\",\"image\":\"wp-content\\\/uploads\\\/2023\\\/03\\\/homepage.png\",\"image_svg_color\":\"emphasis\",\"margin\":\"default\",\"margin_remove_bottom\":true,\"margin_remove_top\":true,\"position_left\":\"0\",\"position_top\":\"-0\"}}]}]}]},{\"type\":\"section\",\"props\":{\"image_position\":\"center-center\",\"style\":\"default\",\"title_breakpoint\":\"xl\",\"title_position\":\"top-left\",\"title_rotation\":\"left\",\"vertical_align\":\"middle\",\"width\":\"\"},\"children\":[{\"type\":\"row\",\"props\":{\"column_gap\":\"collapse\",\"layout\":\"1-2,1-2\"},\"children\":[{\"type\":\"column\",\"props\":{\"image_position\":\"center-center\",\"media_overlay_gradient\":\"\",\"position_sticky_breakpoint\":\"m\",\"vertical_align\":\"middle\",\"width_medium\":\"1-2\"},\"children\":[{\"type\":\"image\",\"props\":{\"container_padding_remove\":true,\"css\":\"svg, img{\\n\\nwidth:700px;\\n\\n}\",\"image\":\"wp-content\\\/uploads\\\/2023\\\/03\\\/elearning-09.svg\",\"image_svg_color\":\"emphasis\",\"image_width\":\"300px\",\"margin\":\"default\",\"margin_remove_bottom\":true,\"margin_remove_top\":true,\"position_left\":\"-360\"}}]},{\"type\":\"column\",\"props\":{\"css\":\"@media only screen and (min-width:769px){\\n.el-column{\\npadding-right:15%;\\n\\n}}\\n\\n@media only screen and (max-width:768px){\\n.el-column{\\n\\tpadding-left:10px;\\n\\tpadding-right:10px;\\n}\\n}\",\"image_position\":\"center-center\",\"media_overlay_gradient\":\"\",\"position_sticky_breakpoint\":\"m\",\"vertical_align\":\"middle\",\"width_medium\":\"1-2\"},\"children\":[{\"type\":\"headline\",\"props\":{\"content\":\"e-Learning\",\"title_element\":\"h1\"}},{\"type\":\"text\",\"props\":{\"column_breakpoint\":\"m\",\"content\":\"Jedn\\u00e1 se o e-learningovou platformu projektu BENEFIT ur\\u010denou pro ml\\u00e1de\\u017e a pracuj\\u00edc\\u00ed s ml\\u00e1de\\u017e\\u00ed, se z\\u00e1m\\u011brem podpory jejich du\\u0161evn\\u00edho zdrav\\u00ed. Najdete zde informace, aktivity a mnoho dal\\u0161\\u00edho! P\\u0159ipojte se k n\\u00e1m!\",\"margin\":\"default\"}},{\"type\":\"button\",\"props\":{\"grid_column_gap\":\"small\",\"grid_row_gap\":\"small\",\"margin\":\"default\",\"status\":\"\"},\"children\":[{\"type\":\"button_item\",\"props\":{\"button_style\":\"primary\",\"content\":\"[readmore_text]\",\"icon_align\":\"left\",\"link\":\"elearning\\\/\"}}]}]}]}]},{\"type\":\"section\",\"props\":{\"css\":\".el-section {\\n\\nbackground-color:#d3e0ed;\\n\\n}\",\"image_position\":\"center-center\",\"style\":\"default\",\"title_breakpoint\":\"xl\",\"title_position\":\"top-left\",\"title_rotation\":\"left\",\"vertical_align\":\"middle\",\"width\":\"default\"},\"children\":[{\"type\":\"row\",\"children\":[{\"type\":\"column\",\"props\":{\"image_position\":\"center-center\",\"media_overlay_gradient\":\"\",\"position_sticky_breakpoint\":\"m\"},\"children\":[{\"type\":\"headline\",\"props\":{\"content\":\"Novinky\",\"text_align\":\"center\",\"title_color\":\"success\",\"title_element\":\"h2\",\"title_style\":\"h2\"}},{\"type\":\"grid\",\"props\":{\"class\":\"news-grid\",\"content_column_breakpoint\":\"m\",\"css\":\".uk-child-width-1-1.uk-child-width-1-3\\\\@m.uk-grid-match.uk-grid {\\n  display: flex;\\n  justify-content: center;\\n}\",\"filter_align\":\"left\",\"filter_all\":true,\"filter_grid_breakpoint\":\"m\",\"filter_grid_width\":\"auto\",\"filter_position\":\"top\",\"filter_style\":\"tab\",\"grid_default\":\"1\",\"grid_medium\":\"3\",\"icon_width\":\"\",\"image_align\":\"top\",\"image_grid_breakpoint\":\"m\",\"image_grid_width\":\"1-2\",\"image_height\":\"300\",\"image_svg_color\":\"emphasis\",\"image_width\":\"370\",\"item_animation\":true,\"link_style\":\"secondary\",\"link_text\":\"\",\"margin\":\"small\",\"margin_remove_bottom\":true,\"margin_remove_top\":true,\"meta_align\":\"below-title\",\"meta_element\":\"div\",\"meta_style\":\"text-meta\",\"panel_link\":true,\"panel_style\":\"card-default\",\"parallax_easing\":\"1\",\"show_content\":false,\"show_image\":true,\"show_link\":true,\"show_meta\":false,\"show_title\":true,\"title_align\":\"top\",\"title_element\":\"h3\",\"title_grid_breakpoint\":\"m\",\"title_grid_width\":\"1-2\",\"title_hover_style\":\"reset\",\"title_link\":true},\"children\":[{\"type\":\"grid_item\",\"props\":{\"link_text\":\"\"},\"source\":{\"query\":{\"name\":\"posts.customPosts\",\"arguments\":{\"terms\":[10],\"category_operator\":\"IN\",\"post_tag_operator\":\"IN\",\"users\":[],\"users_operator\":\"IN\",\"offset\":0,\"limit\":10,\"order\":\"date\",\"order_direction\":\"DESC\"}},\"props\":{\"title\":{\"filters\":{\"search\":\"\"},\"name\":\"title\"},\"content\":{\"filters\":{\"search\":\"\"},\"name\":\"excerpt\"},\"image\":{\"filters\":{\"search\":\"\"},\"name\":\"featuredImage.url\"},\"link\":{\"filters\":{\"search\":\"\"},\"name\":\"link\"}}}}]},{\"type\":\"button\",\"props\":{\"grid_column_gap\":\"small\",\"grid_row_gap\":\"small\",\"margin\":\"default\",\"text_align\":\"center\"},\"children\":[{\"type\":\"button_item\",\"props\":{\"button_style\":\"default\",\"content\":\"[readmore_text]\",\"icon_align\":\"left\",\"link\":\"https:\\\/\\\/benefitproject.org\\\/cs\\\/category\\\/novinky\\\/\"}}]}]}]}]}],\"version\":\"3.0.20\"} --><\/p>\n","protected":false},"excerpt":{"rendered":"<p>Posilov\u00e1n\u00ed odolnosti a v\u0161\u00edmavosti ml\u00e1de\u017ee e-Learning Jedn\u00e1 se o e-learningovou platformu projektu BENEFIT ur\u010denou pro ml\u00e1de\u017e a pracuj\u00edc\u00ed s ml\u00e1de\u017e\u00ed, se z\u00e1m\u011brem podpory jejich du\u0161evn\u00edho..<\/p>\n","protected":false},"author":1,"featured_media":0,"parent":0,"menu_order":0,"comment_status":"closed","ping_status":"closed","template":"","meta":{"_acf_changed":false,"inline_featured_image":false,"footnotes":""},"class_list":["post-1212","page","type-page","status-publish","hentry"],"acf":[],"_links":{"self":[{"href":"https:\/\/benefitproject.org\/cs\/wp-json\/wp\/v2\/pages\/1212","targetHints":{"allow":["GET"]}}],"collection":[{"href":"https:\/\/benefitproject.org\/cs\/wp-json\/wp\/v2\/pages"}],"about":[{"href":"https:\/\/benefitproject.org\/cs\/wp-json\/wp\/v2\/types\/page"}],"author":[{"embeddable":true,"href":"https:\/\/benefitproject.org\/cs\/wp-json\/wp\/v2\/users\/1"}],"replies":[{"embeddable":true,"href":"https:\/\/benefitproject.org\/cs\/wp-json\/wp\/v2\/comments?post=1212"}],"version-history":[{"count":10,"href":"https:\/\/benefitproject.org\/cs\/wp-json\/wp\/v2\/pages\/1212\/revisions"}],"predecessor-version":[{"id":1904,"href":"https:\/\/benefitproject.org\/cs\/wp-json\/wp\/v2\/pages\/1212\/revisions\/1904"}],"wp:attachment":[{"href":"https:\/\/benefitproject.org\/cs\/wp-json\/wp\/v2\/media?parent=1212"}],"curies":[{"name":"wp","href":"https:\/\/api.w.org\/{rel}","templated":true}]}}